{"id":999,"date":"2023-03-24T16:19:00","date_gmt":"2023-03-24T19:19:00","guid":{"rendered":"https:\/\/original.hydrogendialoguelatam.com.br\/congresso-brasil-alemanha-de-hidrogenio-verde-copy\/"},"modified":"2023-03-31T11:26:58","modified_gmt":"2023-03-31T14:26:58","slug":"road-show","status":"publish","type":"page","link":"https:\/\/original.hydrogendialoguelatam.com.br\/en\/road-show\/","title":{"rendered":"Road Show"},"content":{"rendered":"<div data-elementor-type=\"wp-page\" data-elementor-id=\"999\" class=\"elementor elementor-999\">\n\t\t\t\t\t\t\t\t\t<section class=\"elementor-section elementor-top-section elementor-element elementor-element-3730ef01 elementor-section-height-min-height elementor-section-content-middle elementor-section-boxed elementor-section-height-default elementor-section-items-middle wpr-particle-no wpr-jarallax-no wpr-parallax-no wpr-sticky-section-no\" data-id=\"3730ef01\" data-element_type=\"section\" data-settings=\"{&quot;background_background&quot;:&quot;classic&quot;}\">\n\t\t\t\t\t\t\t<div class=\"elementor-background-overlay\"><\/div>\n\t\t\t\t\t\t\t<div class=\"elementor-container elementor-column-gap-default\">\n\t\t\t\t\t<div class=\"elementor-column elementor-col-100 elementor-top-column elementor-element elementor-element-3271a306\" data-id=\"3271a306\" data-element_type=\"column\">\n\t\t\t<div class=\"elementor-widget-wrap elementor-element-populated\">\n\t\t\t\t\t\t\t\t<div class=\"elementor-element elementor-element-1c18478e elementor-widget elementor-widget-heading\" data-id=\"1c18478e\" data-element_type=\"widget\" data-widget_type=\"heading.default\">\n\t\t\t\t<div class=\"elementor-widget-container\">\n\t\t\t<style>\/*! elementor - v3.11.5 - 14-03-2023 *\/\n.elementor-heading-title{padding:0;margin:0;line-height:1}.elementor-widget-heading .elementor-heading-title[class*=elementor-size-]>a{color:inherit;font-size:inherit;line-height:inherit}.elementor-widget-heading .elementor-heading-title.elementor-size-small{font-size:15px}.elementor-widget-heading .elementor-heading-title.elementor-size-medium{font-size:19px}.elementor-widget-heading .elementor-heading-title.elementor-size-large{font-size:29px}.elementor-widget-heading .elementor-heading-title.elementor-size-xl{font-size:39px}.elementor-widget-heading .elementor-heading-title.elementor-size-xxl{font-size:59px}<\/style><h2 class=\"elementor-heading-title elementor-size-default\">Road Show<\/h2>\t\t<\/div>\n\t\t\t\t<\/div>\n\t\t\t\t\t<\/div>\n\t\t<\/div>\n\t\t\t\t\t\t\t<\/div>\n\t\t<\/section>\n\t\t\t\t<section class=\"elementor-section elementor-top-section elementor-element elementor-element-44215d7c elementor-section-full_width elementor-section-height-default elementor-section-height-default wpr-particle-no wpr-jarallax-no wpr-parallax-no wpr-sticky-section-no\" data-id=\"44215d7c\" data-element_type=\"section\" data-settings=\"{&quot;background_background&quot;:&quot;classic&quot;}\">\n\t\t\t\t\t\t<div class=\"elementor-container elementor-column-gap-default\">\n\t\t\t\t\t<div class=\"elementor-column elementor-col-100 elementor-top-column elementor-element elementor-element-555721ff\" data-id=\"555721ff\" data-element_type=\"column\">\n\t\t\t<div class=\"elementor-widget-wrap elementor-element-populated\">\n\t\t\t\t\t\t\t\t<section class=\"elementor-section elementor-inner-section elementor-element elementor-element-8ee6831 elementor-section-boxed elementor-section-height-default elementor-section-height-default wpr-particle-no wpr-jarallax-no wpr-parallax-no wpr-sticky-section-no\" data-id=\"8ee6831\" data-element_type=\"section\">\n\t\t\t\t\t\t<div class=\"elementor-container elementor-column-gap-default\">\n\t\t\t\t\t<div class=\"elementor-column elementor-col-50 elementor-inner-column elementor-element elementor-element-0f87d6d\" data-id=\"0f87d6d\" data-element_type=\"column\">\n\t\t\t<div class=\"elementor-widget-wrap elementor-element-populated\">\n\t\t\t\t\t\t\t\t<div class=\"elementor-element elementor-element-bdb5465 elementor-widget elementor-widget-heading\" data-id=\"bdb5465\" data-element_type=\"widget\" data-widget_type=\"heading.default\">\n\t\t\t\t<div class=\"elementor-widget-container\">\n\t\t\t<h2 class=\"elementor-heading-title elementor-size-default\">Sobre<\/h2>\t\t<\/div>\n\t\t\t\t<\/div>\n\t\t\t\t<div class=\"elementor-element elementor-element-6432e97 elementor-widget elementor-widget-text-editor\" data-id=\"6432e97\" data-element_type=\"widget\" data-widget_type=\"text-editor.default\">\n\t\t\t\t<div class=\"elementor-widget-container\">\n\t\t\t<style>\/*! elementor - v3.11.5 - 14-03-2023 *\/\n.elementor-widget-text-editor.elementor-drop-cap-view-stacked .elementor-drop-cap{background-color:#818a91;color:#fff}.elementor-widget-text-editor.elementor-drop-cap-view-framed .elementor-drop-cap{color:#818a91;border:3px solid;background-color:transparent}.elementor-widget-text-editor:not(.elementor-drop-cap-view-default) .elementor-drop-cap{margin-top:8px}.elementor-widget-text-editor:not(.elementor-drop-cap-view-default) .elementor-drop-cap-letter{width:1em;height:1em}.elementor-widget-text-editor .elementor-drop-cap{float:left;text-align:center;line-height:1;font-size:50px}.elementor-widget-text-editor .elementor-drop-cap-letter{display:inline-block}<\/style>\t\t\t\t<p><span data-contrast=\"auto\">Held in Fortaleza (CE), the Northeast Road Show will have as its theme the \u201cScenarios for Investments and the Development of the Green Hydrogen Industry in the Brazilian Northeast\u201d. <\/span><span data-ccp-props=\"{&quot;134233118&quot;:false,&quot;201341983&quot;:0,&quot;335551550&quot;:1,&quot;335551620&quot;:1,&quot;335559739&quot;:0,&quot;335559740&quot;:259}\">&nbsp;<\/span><\/p>\n<p><span data-contrast=\"auto\">The objective is to show the regional potential, in addition to the advances in the Northeastern States and the incentives for the industry and the green hydrogen market, demands and competitiveness in the construction of the regulatory framework, legal security for investments and reduction of the cost of capital, vision and investor and market demands for green hydrogen projects.<\/span><span data-ccp-props=\"{&quot;134233118&quot;:false,&quot;201341983&quot;:0,&quot;335551550&quot;:1,&quot;335551620&quot;:1,&quot;335559739&quot;:0,&quot;335559740&quot;:259}\">&nbsp;<\/span><\/p>\n<p><span data-contrast=\"auto\">The first day of the event will feature panels and business roundtables. On the last day there will be a presentation and a technical visit to the Industrial and Port Complex of Pec\u00e9m (CE) and to the EDP pilot plant, which is already producing in Pec\u00e9m\/CE.<\/span><span data-ccp-props=\"{&quot;134233118&quot;:false,&quot;201341983&quot;:0,&quot;335551550&quot;:1,&quot;335551620&quot;:1,&quot;335559739&quot;:0,&quot;335559740&quot;:259}\">&nbsp;<\/span><\/p>\t\t\t\t\t\t<\/div>\n\t\t\t\t<\/div>\n\t\t\t\t<div class=\"elementor-element elementor-element-07f1d45 elementor-widget elementor-widget-text-editor\" data-id=\"07f1d45\" data-element_type=\"widget\" data-widget_type=\"text-editor.default\">\n\t\t\t\t<div class=\"elementor-widget-container\">\n\t\t\t\t\t\t\t<p><strong style=\"color: inherit; font-family: inherit; font-size: 1.5rem;\">Soon more information.\u00a0<\/strong><\/p>\t\t\t\t\t\t<\/div>\n\t\t\t\t<\/div>\n\t\t\t\t\t<\/div>\n\t\t<\/div>\n\t\t\t\t<div class=\"elementor-column elementor-col-50 elementor-inner-column elementor-element elementor-element-ec827c8\" data-id=\"ec827c8\" data-element_type=\"column\">\n\t\t\t<div class=\"elementor-widget-wrap elementor-element-populated\">\n\t\t\t\t\t\t\t\t<div class=\"elementor-element elementor-element-1dd146e elementor-invisible elementor-widget elementor-widget-image\" data-id=\"1dd146e\" data-element_type=\"widget\" data-settings=\"{&quot;_animation&quot;:&quot;flash&quot;}\" data-widget_type=\"image.default\">\n\t\t\t\t<div class=\"elementor-widget-container\">\n\t\t\t<style>\/*! elementor - v3.11.5 - 14-03-2023 *\/\n.elementor-widget-image{text-align:center}.elementor-widget-image a{display:inline-block}.elementor-widget-image a img[src$=\".svg\"]{width:48px}.elementor-widget-image img{vertical-align:middle;display:inline-block}<\/style>\t\t\t\t\t\t\t\t\t\t\t\t<img decoding=\"async\" loading=\"lazy\" width=\"732\" height=\"1024\" src=\"https:\/\/original.hydrogendialoguelatam.com.br\/wp-content\/uploads\/2023\/03\/Ativo-2@3x-1-e1679685934446-732x1024.png\" class=\"attachment-large size-large wp-image-1002\" alt=\"\" srcset=\"https:\/\/original.hydrogendialoguelatam.com.br\/wp-content\/uploads\/2023\/03\/Ativo-2@3x-1-e1679685934446-732x1024.png 732w, https:\/\/original.hydrogendialoguelatam.com.br\/wp-content\/uploads\/2023\/03\/Ativo-2@3x-1-e1679685934446-214x300.png 214w, https:\/\/original.hydrogendialoguelatam.com.br\/wp-content\/uploads\/2023\/03\/Ativo-2@3x-1-e1679685934446-768x1074.png 768w, https:\/\/original.hydrogendialoguelatam.com.br\/wp-content\/uploads\/2023\/03\/Ativo-2@3x-1-e1679685934446-1098x1536.png 1098w, https:\/\/original.hydrogendialoguelatam.com.br\/wp-content\/uploads\/2023\/03\/Ativo-2@3x-1-e1679685934446-1464x2048.png 1464w, https:\/\/original.hydrogendialoguelatam.com.br\/wp-content\/uploads\/2023\/03\/Ativo-2@3x-1-e1679685934446.png 1574w\" sizes=\"(max-width: 732px) 100vw, 732px\" style=\"width:100%;height:139.9%;max-width:1574px\" \/>\t\t\t\t\t\t\t\t\t\t\t\t\t\t\t<\/div>\n\t\t\t\t<\/div>\n\t\t\t\t\t<\/div>\n\t\t<\/div>\n\t\t\t\t\t\t\t<\/div>\n\t\t<\/section>\n\t\t\t\t\t<\/div>\n\t\t<\/div>\n\t\t\t\t\t\t\t<\/div>\n\t\t<\/section>\n\t\t\t\t\t\t\t<\/div>","protected":false},"excerpt":{"rendered":"<p>Road Show Sobre Realizado em Fortaleza (CE), o Road Show Nordeste ter\u00e1 como tema os \u201cCen\u00e1rios para Investimentos e o Desenvolvimento da Ind\u00fastria do Hidrog\u00eanio Verde no Nordeste Brasileiro\u201d. &nbsp; O objetivo \u00e9 mostrar as potencialidades regionais, al\u00e9m dos avan\u00e7os nos Estados do Nordeste e os incentivos para a ind\u00fastria e o mercado do hidrog\u00eanio&hellip; <a class=\"more-link\" href=\"https:\/\/original.hydrogendialoguelatam.com.br\/en\/road-show\/\">Continue reading <span class=\"screen-reader-text\">Road Show<\/span><\/a><\/p>","protected":false},"author":1,"featured_media":0,"parent":0,"menu_order":0,"comment_status":"closed","ping_status":"closed","template":"elementor_canvas","meta":{"footnotes":""},"_links":{"self":[{"href":"https:\/\/original.hydrogendialoguelatam.com.br\/en\/wp-json\/wp\/v2\/pages\/999"}],"collection":[{"href":"https:\/\/original.hydrogendialoguelatam.com.br\/en\/wp-json\/wp\/v2\/pages"}],"about":[{"href":"https:\/\/original.hydrogendialoguelatam.com.br\/en\/wp-json\/wp\/v2\/types\/page"}],"author":[{"embeddable":true,"href":"https:\/\/original.hydrogendialoguelatam.com.br\/en\/wp-json\/wp\/v2\/users\/1"}],"replies":[{"embeddable":true,"href":"https:\/\/original.hydrogendialoguelatam.com.br\/en\/wp-json\/wp\/v2\/comments?post=999"}],"version-history":[{"count":25,"href":"https:\/\/original.hydrogendialoguelatam.com.br\/en\/wp-json\/wp\/v2\/pages\/999\/revisions"}],"predecessor-version":[{"id":1534,"href":"https:\/\/original.hydrogendialoguelatam.com.br\/en\/wp-json\/wp\/v2\/pages\/999\/revisions\/1534"}],"wp:attachment":[{"href":"https:\/\/original.hydrogendialoguelatam.com.br\/en\/wp-json\/wp\/v2\/media?parent=999"}],"curies":[{"name":"wp","href":"https:\/\/api.w.org\/{rel}","templated":true}]}}