{"id":971,"date":"2023-03-24T15:49:36","date_gmt":"2023-03-24T18:49:36","guid":{"rendered":"https:\/\/original.hydrogendialoguelatam.com.br\/conheca-os-organizadores-copy\/"},"modified":"2023-03-30T10:35:53","modified_gmt":"2023-03-30T13:35:53","slug":"conheca-os-organizadores","status":"publish","type":"page","link":"https:\/\/original.hydrogendialoguelatam.com.br\/en\/conheca-os-organizadores\/","title":{"rendered":"Meet the organizers"},"content":{"rendered":"<div data-elementor-type=\"wp-page\" data-elementor-id=\"971\" class=\"elementor elementor-971\">\n\t\t\t\t\t\t\t\t\t<section class=\"elementor-section elementor-top-section elementor-element elementor-element-3730ef01 elementor-section-height-min-height elementor-section-content-middle elementor-section-boxed elementor-section-height-default elementor-section-items-middle wpr-particle-no wpr-jarallax-no wpr-parallax-no wpr-sticky-section-no\" data-id=\"3730ef01\" data-element_type=\"section\" data-settings=\"{&quot;background_background&quot;:&quot;classic&quot;}\">\n\t\t\t\t\t\t\t<div class=\"elementor-background-overlay\"><\/div>\n\t\t\t\t\t\t\t<div class=\"elementor-container elementor-column-gap-default\">\n\t\t\t\t\t<div class=\"elementor-column elementor-col-100 elementor-top-column elementor-element elementor-element-3271a306\" data-id=\"3271a306\" data-element_type=\"column\">\n\t\t\t<div class=\"elementor-widget-wrap elementor-element-populated\">\n\t\t\t\t\t\t\t\t<div class=\"elementor-element elementor-element-1c18478e elementor-widget elementor-widget-heading\" data-id=\"1c18478e\" data-element_type=\"widget\" data-widget_type=\"heading.default\">\n\t\t\t\t<div class=\"elementor-widget-container\">\n\t\t\t<style>\/*! elementor - v3.11.5 - 14-03-2023 *\/\n.elementor-heading-title{padding:0;margin:0;line-height:1}.elementor-widget-heading .elementor-heading-title[class*=elementor-size-]>a{color:inherit;font-size:inherit;line-height:inherit}.elementor-widget-heading .elementor-heading-title.elementor-size-small{font-size:15px}.elementor-widget-heading .elementor-heading-title.elementor-size-medium{font-size:19px}.elementor-widget-heading .elementor-heading-title.elementor-size-large{font-size:29px}.elementor-widget-heading .elementor-heading-title.elementor-size-xl{font-size:39px}.elementor-widget-heading .elementor-heading-title.elementor-size-xxl{font-size:59px}<\/style><h2 class=\"elementor-heading-title elementor-size-default\">Meet the organizers<\/h2>\t\t<\/div>\n\t\t\t\t<\/div>\n\t\t\t\t\t<\/div>\n\t\t<\/div>\n\t\t\t\t\t\t\t<\/div>\n\t\t<\/section>\n\t\t\t\t<section class=\"elementor-section elementor-top-section elementor-element elementor-element-44215d7c elementor-section-full_width elementor-section-height-default elementor-section-height-default wpr-particle-no wpr-jarallax-no wpr-parallax-no wpr-sticky-section-no\" data-id=\"44215d7c\" data-element_type=\"section\" data-settings=\"{&quot;background_background&quot;:&quot;classic&quot;}\">\n\t\t\t\t\t\t<div class=\"elementor-container elementor-column-gap-default\">\n\t\t\t\t\t<div class=\"elementor-column elementor-col-100 elementor-top-column elementor-element elementor-element-555721ff\" data-id=\"555721ff\" data-element_type=\"column\">\n\t\t\t<div class=\"elementor-widget-wrap elementor-element-populated\">\n\t\t\t\t\t\t\t\t<div class=\"elementor-element elementor-element-41c5e809 wpr-list-style-disc elementor-widget elementor-widget-wpr-posts-timeline\" data-id=\"41c5e809\" data-element_type=\"widget\" data-settings=\"{&quot;animation_offset&quot;:150,&quot;aos_animation_duration&quot;:600}\" data-widget_type=\"wpr-posts-timeline.default\">\n\t\t\t\t<div class=\"elementor-widget-container\">\n\t\t\t\n\t\t<div class=\"wpr-wrapper wpr-vertical wpr-one-sided-wrapper\">\n\t\t\t<div class=\"wpr-timeline-centered wpr-line wpr-one-sided-timeline\"><div class=\"wpr-middle-line\"><\/div><div class=\"wpr-timeline-fill\" data-layout=\"one-sided\"><\/div><article class=\"wpr-timeline-entry wpr-right-aligned elementor-repeater-item-f94da51\" data-item-id=\"elementor-repeater-item-f94da51\"><time class=\"wpr-extra-label\" data-aos=\"fade\" data-aos-left=\"\" data-aos-right=\"\" data-animation-offset=\"150\" data-animation-duration=\"600\"><span class=\"wpr-label\">N\u00fcrnbergMesse Brasil <\/span><\/time><div class=\"wpr-timeline-entry-inner\"><div class=\"wpr-main-line-icon wpr-icon\"><\/div><div class=\"wpr-story-info-vertical wpr-data-wrap\"  data-aos=\"fade\" data-aos-left=\"\" data-aos-right=\"\" data-animation-offset=\"150\" data-animation-duration=\"600\"><div class=\"wpr-animation-wrap wpr-timeline-media\"><img loading=\"lazy\" width=\"185\" height=\"72\" src=\"https:\/\/original.hydrogendialoguelatam.com.br\/wp-content\/uploads\/2023\/03\/logo.png\" class=\"attachment-200x100 size-200x100\" alt=\"\" decoding=\"async\" style=\"width:100%;height:50%;max-width:200px;\" \/><\/div><div class=\"wpr-timeline-content-wrapper\"><div class=\"wpr-content-wrapper\"><div class=\"wpr-description\"><div style=\"text-align: justify\"><p><span data-contrast=\"none\">N\u00fcrnbergMesse Brasil<\/span> <span data-contrast=\"none\">is one of the 10 largest organizers of events and exhibitions in the country. A subsidiary of the N\u00fcrnbergMesse Group, founded in 1974 in Germany, the company arrived in Brazil in 2009 and soon established itself in the market. The promoter stands out for the quality of services and innovations presented at the fairs it organizes. It always gathers a qualified public, both national and foreign.<\/span><span data-ccp-props=\"{&quot;201341983&quot;:0,&quot;335559739&quot;:0,&quot;335559740&quot;:259}\">\u00a0<\/span><\/p><p><span data-ccp-props=\"{&quot;201341983&quot;:0,&quot;335559739&quot;:0,&quot;335559740&quot;:259}\">\u00a0<\/span><\/p><p><span data-contrast=\"none\">Currently, N\u00fcrnbergMesse Brasil is responsible for the most important business meetings in Latin America, where it brings together suppliers, distributors and resellers from different segments of the economy. The company's purpose is precisely to help in the development of the national industry and in the relevance of Brazil in the foreign market. Therefore, more than presenting solutions, the company promotes experiences, always with the aim of making the participation of exhibitors and visitors unforgettable, in addition to bringing information and knowledge to all.<\/span><span data-ccp-props=\"{&quot;201341983&quot;:0,&quot;335559739&quot;:0,&quot;335559740&quot;:259}\">\u00a0<\/span><\/p><p><span data-ccp-props=\"{&quot;201341983&quot;:0,&quot;335559739&quot;:0,&quot;335559740&quot;:259}\">\u00a0<\/span><\/p><ul><li data-leveltext=\"\uf0b7\" data-font=\"Symbol\" data-listid=\"1\" data-list-defn-props=\"{&quot;335552541&quot;:1,&quot;335559684&quot;:-2,&quot;335559685&quot;:720,&quot;335559991&quot;:360,&quot;469769226&quot;:&quot;Symbol&quot;,&quot;469769242&quot;:[8226],&quot;469777803&quot;:&quot;left&quot;,&quot;469777804&quot;:&quot;\uf0b7&quot;,&quot;469777815&quot;:&quot;hybridMultilevel&quot;}\" data-aria-posinset=\"1\" data-aria-level=\"1\"><span data-contrast=\"none\">120 annual events<\/span><span data-ccp-props=\"{&quot;201341983&quot;:0,&quot;335559739&quot;:0,&quot;335559740&quot;:259}\">\u00a0<\/span><\/li><li data-leveltext=\"\uf0b7\" data-font=\"Symbol\" data-listid=\"1\" data-list-defn-props=\"{&quot;335552541&quot;:1,&quot;335559684&quot;:-2,&quot;335559685&quot;:720,&quot;335559991&quot;:360,&quot;469769226&quot;:&quot;Symbol&quot;,&quot;469769242&quot;:[8226],&quot;469777803&quot;:&quot;left&quot;,&quot;469777804&quot;:&quot;\uf0b7&quot;,&quot;469777815&quot;:&quot;hybridMultilevel&quot;}\" data-aria-posinset=\"2\" data-aria-level=\"1\"><span data-contrast=\"none\">1.5m visitors per year<\/span><span data-ccp-props=\"{&quot;201341983&quot;:0,&quot;335559739&quot;:0,&quot;335559740&quot;:259}\">\u00a0<\/span><\/li><li data-leveltext=\"\uf0b7\" data-font=\"Symbol\" data-listid=\"1\" data-list-defn-props=\"{&quot;335552541&quot;:1,&quot;335559684&quot;:-2,&quot;335559685&quot;:720,&quot;335559991&quot;:360,&quot;469769226&quot;:&quot;Symbol&quot;,&quot;469769242&quot;:[8226],&quot;469777803&quot;:&quot;left&quot;,&quot;469777804&quot;:&quot;\uf0b7&quot;,&quot;469777815&quot;:&quot;hybridMultilevel&quot;}\" data-aria-posinset=\"3\" data-aria-level=\"1\"><span data-contrast=\"none\">35 thousand exhibitors per year\u00a0<\/span><span data-ccp-props=\"{&quot;201341983&quot;:0,&quot;335559739&quot;:0,&quot;335559740&quot;:259}\">\u00a0<\/span><\/li><\/ul><ul><li data-leveltext=\"\uf0b7\" data-font=\"Symbol\" data-listid=\"1\" data-list-defn-props=\"{&quot;335552541&quot;:1,&quot;335559684&quot;:-2,&quot;335559685&quot;:720,&quot;335559991&quot;:360,&quot;469769226&quot;:&quot;Symbol&quot;,&quot;469769242&quot;:[8226],&quot;469777803&quot;:&quot;left&quot;,&quot;469777804&quot;:&quot;\uf0b7&quot;,&quot;469777815&quot;:&quot;hybridMultilevel&quot;}\" data-aria-posinset=\"1\" data-aria-level=\"1\"><span data-contrast=\"none\">116 countries<\/span><span data-ccp-props=\"{&quot;201341983&quot;:0,&quot;335559739&quot;:0,&quot;335559740&quot;:259}\">\u00a0<\/span><\/li><\/ul><p>\u00a0<\/p><p><a href=\"https:\/\/nuernbergmesse-brasil.com.br\/\" target=\"_blank\" rel=\"noopener\">OFFICIAL SITE<\/a><\/p><\/div><\/div><\/div><\/div><\/div>\n\t\t\t\t\t\t<\/div>\n\t\t\t\t<\/article><article class=\"wpr-timeline-entry wpr-right-aligned elementor-repeater-item-ddabd9f\" data-item-id=\"elementor-repeater-item-ddabd9f\"><time class=\"wpr-extra-label\" data-aos=\"fade\" data-aos-left=\"\" data-aos-right=\"\" data-animation-offset=\"150\" data-animation-duration=\"600\"><span class=\"wpr-label\">Guia Mar\u00edtimo <\/span><\/time><div class=\"wpr-timeline-entry-inner\"><div class=\"wpr-main-line-icon wpr-icon\"><\/div><div class=\"wpr-story-info-vertical wpr-data-wrap\"  data-aos=\"fade\" data-aos-left=\"\" data-aos-right=\"\" data-animation-offset=\"150\" data-animation-duration=\"600\"><div class=\"wpr-animation-wrap wpr-timeline-media\"><img loading=\"lazy\" width=\"200\" height=\"53\" src=\"https:\/\/original.hydrogendialoguelatam.com.br\/wp-content\/uploads\/2023\/03\/GM_Logo.png\" class=\"attachment-200x100 size-200x100\" alt=\"\" decoding=\"async\" srcset=\"https:\/\/original.hydrogendialoguelatam.com.br\/wp-content\/uploads\/2023\/03\/GM_Logo.png 800w, https:\/\/original.hydrogendialoguelatam.com.br\/wp-content\/uploads\/2023\/03\/GM_Logo-300x79.png 300w, https:\/\/original.hydrogendialoguelatam.com.br\/wp-content\/uploads\/2023\/03\/GM_Logo-768x203.png 768w, https:\/\/original.hydrogendialoguelatam.com.br\/wp-content\/uploads\/2023\/03\/GM_Logo-18x5.png 18w, https:\/\/original.hydrogendialoguelatam.com.br\/wp-content\/uploads\/2023\/03\/GM_Logo-24x6.png 24w, https:\/\/original.hydrogendialoguelatam.com.br\/wp-content\/uploads\/2023\/03\/GM_Logo-36x9.png 36w, https:\/\/original.hydrogendialoguelatam.com.br\/wp-content\/uploads\/2023\/03\/GM_Logo-48x13.png 48w\" sizes=\"(max-width: 200px) 100vw, 200px\" style=\"width:100%;height:50%;max-width:200px;\" \/><\/div><div class=\"wpr-timeline-content-wrapper\"><div class=\"wpr-content-wrapper\"><div class=\"wpr-description\"><div style=\"text-align: justify\"><p><span data-contrast=\"none\">Since 1992, the Maritime Guide<\/span> <span data-contrast=\"none\">stands out as the main reference in foreign trade and international logistics in Brazil, transmitting information, debate and exhibition of products and services related to this segment.\u00a0<\/span><\/p><p><span data-contrast=\"none\">It is also part of the group's DNA to promote discussion and anticipate market disruptions. That is why Guia Mar\u00edtimo is currently focused on Integrated Logistics and the development of Sustainable Energies for tomorrow, both highly considered among the greatest challenges and opportunities of the coming years.\u00a0<\/span><\/p><p><span data-contrast=\"none\">The Group once again teamed up with N\u00fcrnberg Messe Brasil to create a new Global Forum for Debates on Energy Transition \u2013 the Hydrogen Dialogue.\u00a0<\/span><\/p><p><span data-contrast=\"none\">We invite you to join this team and cooperate with this initiative - and with the market - as we have successfully done in several previous events held by Guia Mar\u00edtimo over the last three decades.<\/span><\/p><p>\u00a0<a href=\"https:\/\/www.guiamaritimo.com.br\/\" target=\"_blank\" rel=\"noopener\">OFFICIAL SITE<\/a><\/p><\/div><\/div><\/div><\/div><\/div>\n\t\t\t\t\t\t<\/div>\n\t\t\t\t<\/article><article class=\"wpr-timeline-entry wpr-right-aligned elementor-repeater-item-bc999ec\" data-item-id=\"elementor-repeater-item-bc999ec\"><time class=\"wpr-extra-label\" data-aos=\"fade\" data-aos-left=\"\" data-aos-right=\"\" data-animation-offset=\"150\" data-animation-duration=\"600\"><span class=\"wpr-label\">Hiria N\u00fcrnbergMesse <\/span><\/time><div class=\"wpr-timeline-entry-inner\"><div class=\"wpr-main-line-icon wpr-icon\"><\/div><div class=\"wpr-story-info-vertical wpr-data-wrap\"  data-aos=\"fade\" data-aos-left=\"\" data-aos-right=\"\" data-animation-offset=\"150\" data-animation-duration=\"600\"><div class=\"wpr-animation-wrap wpr-timeline-media\"><img loading=\"lazy\" width=\"128\" height=\"100\" src=\"https:\/\/original.hydrogendialoguelatam.com.br\/wp-content\/uploads\/2023\/03\/hiria-nmb_logo-907897.png\" class=\"attachment-200x100 size-200x100\" alt=\"\" decoding=\"async\" srcset=\"https:\/\/original.hydrogendialoguelatam.com.br\/wp-content\/uploads\/2023\/03\/hiria-nmb_logo-907897.png 350w, https:\/\/original.hydrogendialoguelatam.com.br\/wp-content\/uploads\/2023\/03\/hiria-nmb_logo-907897-300x235.png 300w\" sizes=\"(max-width: 128px) 100vw, 128px\" style=\"width:100%;height:50%;max-width:200px;\" \/><\/div><div class=\"wpr-timeline-content-wrapper\"><div class=\"wpr-content-wrapper\"><div class=\"wpr-description\"><div style=\"text-align: justify\"><p><span data-contrast=\"none\">Since the first day of operation, Hiria has been faithfully committed to developing and improving its own research methodology to identify themes, specialists-speakers and formats that the market wanted and needed in order to develop.<\/span><span data-ccp-props=\"{&quot;201341983&quot;:0,&quot;335559739&quot;:0,&quot;335559740&quot;:259}\">\u00a0<\/span><\/p><p><span data-contrast=\"none\">Over the years, with the growth of the scope, team and areas of activity, we have attracted great partners and partners in projects, to join forces in our mission to positively impact the people and markets in which we operate.<\/span><span data-ccp-props=\"{&quot;201341983&quot;:0,&quot;335559739&quot;:0,&quot;335559740&quot;:259}\">\u00a0<\/span><\/p><p><span data-contrast=\"none\">In 2020 we partnered with one of the largest groups of fairs and conventions in the world, the German N\u00fcrnberg Messe, through its local subsidiary, N\u00fcrnbergMesse Brasil.<\/span><span data-ccp-props=\"{&quot;201341983&quot;:0,&quot;335559739&quot;:0,&quot;335559740&quot;:259}\">\u00a0<\/span><span data-ccp-props=\"{&quot;201341983&quot;:0,&quot;335559739&quot;:0,&quot;335559740&quot;:259}\">\u00a0<\/span><\/p><p><span data-contrast=\"none\">With these new horizons established, we now have the possibility to serve more than 3,000 medium and large organizations in this new ecosystem, in addition to being part of a new portfolio of services.<\/span><span data-ccp-props=\"{&quot;201341983&quot;:0,&quot;335559739&quot;:0,&quot;335559740&quot;:259}\">\u00a0<\/span><\/p><p><a href=\"https:\/\/www.hiria.com.br\/\" target=\"_blank\" rel=\"noopener\">OFFICIAL SITE<\/a><\/p><\/div><\/div><\/div><\/div><\/div>\n\t\t\t\t\t\t<\/div>\n\t\t\t\t<\/article><article class=\"wpr-timeline-entry wpr-right-aligned elementor-repeater-item-527e11a\" data-item-id=\"elementor-repeater-item-527e11a\"><time class=\"wpr-extra-label\" data-aos=\"fade\" data-aos-left=\"\" data-aos-right=\"\" data-animation-offset=\"150\" data-animation-duration=\"600\"><span class=\"wpr-label\">   Brazil-Germany Chamber of S\u00e3o Paulo<\/span><\/time><div class=\"wpr-timeline-entry-inner\"><div class=\"wpr-main-line-icon wpr-icon\"><\/div><div class=\"wpr-story-info-vertical wpr-data-wrap\"  data-aos=\"fade\" data-aos-left=\"\" data-aos-right=\"\" data-animation-offset=\"150\" data-animation-duration=\"600\"><div class=\"wpr-animation-wrap wpr-timeline-media\"><img loading=\"lazy\" width=\"200\" height=\"41\" src=\"https:\/\/original.hydrogendialoguelatam.com.br\/wp-content\/uploads\/2023\/03\/SVG_mittext.svg.png\" class=\"attachment-200x100 size-200x100\" alt=\"\" decoding=\"async\" srcset=\"https:\/\/original.hydrogendialoguelatam.com.br\/wp-content\/uploads\/2023\/03\/SVG_mittext.svg.png 398w, https:\/\/original.hydrogendialoguelatam.com.br\/wp-content\/uploads\/2023\/03\/SVG_mittext.svg-300x61.png 300w\" sizes=\"(max-width: 200px) 100vw, 200px\" style=\"width:100%;height:50%;max-width:200px;\" \/><\/div><div class=\"wpr-timeline-content-wrapper\"><div class=\"wpr-content-wrapper\"><div class=\"wpr-description\"><div style=\"text-align: justify\"><p>The Brazil-Germany Chamber of S\u00e3o Paulo (AHK-SP) has officially represented the German economy in Brazil for over 100 years, acting as a base for strengthening and diversifying its members' businesses, attracting investment to Brazil, expansion of bilateral trade and cooperation between both countries.<\/p><p>The institution represents 800 German and Brazilian companies that together generate around 10% of the Brazilian industrial GDP and directly employ 250,000 people. <span class=\"Apple-converted-space\">\u00a0<\/span><\/p><p>Through AHK-SP, member companies also benefit from an exclusive and worldwide network of 150 German chambers spread across 93 countries.<span class=\"Apple-converted-space\">\u00a0<\/span><\/p><p>In June 2020, Germany adopted a national strategy to achieve its decarbonization targets, strengthen German companies and promote the local supply of Green Hydrogen. Based on this strategy, the German government plans investments of up to 9 billion euros to leverage the topic nationally and internationally with partner countries.<span class=\"Apple-converted-space\">\u00a0<\/span><\/p><p>In this context, AHK-SP positioned itself as a strategic agent of the local ecosystem by connecting and promoting initiatives among important national and international stakeholders, thus fostering the development of the Green Hydrogen chain in Brazil.<\/p><p><a href=\"https:\/\/www.ahkbrasilien.com.br\/\" target=\"_blank\" rel=\"noopener\">OFFICIAL SITE<\/a><\/p><\/div><\/div><\/div><\/div><\/div>\n\t\t\t\t\t\t<\/div>\n\t\t\t\t<\/article><\/div>    \n\t\t\t<\/div>\t\t<\/div>\n\t\t\t\t<\/div>\n\t\t\t\t\t<\/div>\n\t\t<\/div>\n\t\t\t\t\t\t\t<\/div>\n\t\t<\/section>\n\t\t\t\t\t\t\t<\/div>","protected":false},"excerpt":{"rendered":"<p>Conhe\u00e7a os organizadores N\u00fcrnbergMesse Brasil A N\u00fcrnbergMesse Brasil \u00e9 uma das 10 maiores organizadoras de eventos e exposi\u00e7\u00f5es do pa\u00eds. Subsidi\u00e1ria do Grupo N\u00fcrnbergMesse, fundado em 1974, na Alemanha, a empresa chegou ao Brasil em 2009 e logo se consolidou no mercado. A promotora se destaca pela qualidade dos servi\u00e7os e inova\u00e7\u00f5es apresentadas nas feiras&hellip; <a class=\"more-link\" href=\"https:\/\/original.hydrogendialoguelatam.com.br\/en\/conheca-os-organizadores\/\">Continue reading <span class=\"screen-reader-text\">Meet the organizers<\/span><\/a><\/p>","protected":false},"author":1,"featured_media":0,"parent":0,"menu_order":0,"comment_status":"closed","ping_status":"closed","template":"elementor_canvas","meta":{"footnotes":""},"_links":{"self":[{"href":"https:\/\/original.hydrogendialoguelatam.com.br\/en\/wp-json\/wp\/v2\/pages\/971"}],"collection":[{"href":"https:\/\/original.hydrogendialoguelatam.com.br\/en\/wp-json\/wp\/v2\/pages"}],"about":[{"href":"https:\/\/original.hydrogendialoguelatam.com.br\/en\/wp-json\/wp\/v2\/types\/page"}],"author":[{"embeddable":true,"href":"https:\/\/original.hydrogendialoguelatam.com.br\/en\/wp-json\/wp\/v2\/users\/1"}],"replies":[{"embeddable":true,"href":"https:\/\/original.hydrogendialoguelatam.com.br\/en\/wp-json\/wp\/v2\/comments?post=971"}],"version-history":[{"count":13,"href":"https:\/\/original.hydrogendialoguelatam.com.br\/en\/wp-json\/wp\/v2\/pages\/971\/revisions"}],"predecessor-version":[{"id":1467,"href":"https:\/\/original.hydrogendialoguelatam.com.br\/en\/wp-json\/wp\/v2\/pages\/971\/revisions\/1467"}],"wp:attachment":[{"href":"https:\/\/original.hydrogendialoguelatam.com.br\/en\/wp-json\/wp\/v2\/media?parent=971"}],"curies":[{"name":"wp","href":"https:\/\/api.w.org\/{rel}","templated":true}]}}